{"id":1631,"date":"2021-09-15T09:46:27","date_gmt":"2021-09-15T09:46:27","guid":{"rendered":"https:\/\/www.paroissesacrecoeurdijon.fr\/wp\/?page_id=1631"},"modified":"2025-06-02T19:00:59","modified_gmt":"2025-06-02T19:00:59","slug":"baptemes","status":"publish","type":"page","link":"https:\/\/www.paroissesacrecoeurdijon.fr\/wp\/baptemes\/","title":{"rendered":"Bapt\u00eames"},"content":{"rendered":"\t\t<div data-elementor-type=\"wp-page\" data-elementor-id=\"1631\" class=\"elementor elementor-1631\">\n\t\t\t\t\t\t<section class=\"elementor-section elementor-top-section elementor-element elementor-element-5357ec59 elementor-section-boxed elementor-section-height-default elementor-section-height-default\" data-id=\"5357ec59\" data-element_type=\"section\">\n\t\t\t\t\t\t<div class=\"elementor-container elementor-column-gap-default\">\n\t\t\t\t\t<div class=\"elementor-column elementor-col-100 elementor-top-column elementor-element elementor-element-20ee130\" data-id=\"20ee130\" data-element_type=\"column\">\n\t\t\t<div class=\"elementor-widget-wrap elementor-element-populated\">\n\t\t\t\t\t\t<div class=\"elementor-element elementor-element-3c66a2e9 elementor-widget elementor-widget-text-editor\" data-id=\"3c66a2e9\" data-element_type=\"widget\" data-widget_type=\"text-editor.default\">\n\t\t\t\t<div class=\"elementor-widget-container\">\n\t\t\t\t\t\t\t\t\t<h4 style=\"text-align: center;\"><span style=\"color: #800000;\">Vous pensez au bapt\u00eame pour votre enfant ou pour vous-m\u00eames.<\/span><\/h4>\n<p style=\"text-align: center;\"><strong><span style=\"color: #ff0000;\">Trois possibilit\u00e9s selon l&rsquo;\u00e2ge de la personne \u00e0 baptiser:<\/span><\/strong><\/p>\n<h5><span style=\"color: #000080;\">1- Un enfant qui ne va pas encore en primaire.<\/span><\/h5>\n<p>Les parents se rendent d&rsquo;abord, et avant toutes les autres d\u00e9marches, \u00e0 une permanence des bapt\u00eames les mercredis (hors vacances) de 17h30 \u00e0 19h00 au presbyt\u00e8re, 5 bis rue Racine.<\/p>\n<p>Ils seront invit\u00e9s apr\u00e8s la premi\u00e8re rencontre au Dimanches d&rsquo;approfondissement de la foi : <a href=\"https:\/\/www.paroissesacrecoeurdijon.fr\/wp\/dimanches-dapprofondissement-de-la-foi\/\" target=\"_blank\" rel=\"noopener\">cliquer ici.<\/a><\/p>\n<p>Ils sont invit\u00e9s \u00e9galement aux pr\u00e9parations des bapt\u00eames \u00e0 une date \u00e0 choisir dans la liste ci-dessous :<\/p>\n<ul>\n<li>Samedi 21 octobre 2023 de 9h30 \u00e0 12h00.<\/li>\n<li>le 13 janvier 2024 m\u00eames heures.<\/li>\n<li>le 10 f\u00e9vrier 2024, idem.<\/li>\n<li>le 13 avril 2024, idem.<\/li>\n<li>le 15 juin 2024, idem.<\/li>\n<\/ul>\n<h5><span style=\"color: #000080;\">2- Un enfant ou un jeune scolaris\u00e9.<\/span><\/h5>\n<p>Le bapt\u00eame se pr\u00e9pare dans le cadre de la cat\u00e9ch\u00e8se ou de l&rsquo;aum\u00f4nerie. Prendre contact avec la paroisse si l&rsquo;enfant ou le jeune n&rsquo;est pas en cat\u00e9ch\u00e8se ni en aum\u00f4nerie: <a href=\"https:\/\/www.paroissesacrecoeurdijon.fr\/wp\/nous-contacter\/\" target=\"_blank\" rel=\"noopener\">contact<\/a><\/p>\n<h5><span style=\"color: #000080;\">3- Un adulte<\/span><\/h5>\n<p>Prendre un rendez-vous avec le p\u00e8re Pierre Ntiama par la page <a href=\"https:\/\/www.paroissesacrecoeurdijon.fr\/wp\/nous-contacter\/\">contact<\/a>.<\/p>\n<p><\/p>\t\t\t\t\t\t\t\t<\/div>\n\t\t\t\t<\/div>\n\t\t\t\t\t<\/div>\n\t\t<\/div>\n\t\t\t\t\t<\/div>\n\t\t<\/section>\n\t\t\t\t<\/div>\n\t\t","protected":false},"excerpt":{"rendered":"<p>Vous pensez au bapt\u00eame pour votre enfant ou pour vous-m\u00eames. Trois possibilit\u00e9s selon l&rsquo;\u00e2ge de la personne \u00e0 baptiser: 1- Un enfant qui ne va pas encore en primaire. Les parents se rendent d&rsquo;abord, et avant toutes les autres d\u00e9marches, \u00e0 une permanence des bapt\u00eames les mercredis (hors vacances) de 17h30 \u00e0 19h00 au presbyt\u00e8re, &hellip; <a href=\"https:\/\/www.paroissesacrecoeurdijon.fr\/wp\/baptemes\/\" class=\"more-link\">Continuer la lecture<span class=\"screen-reader-text\"> de &laquo;&nbsp;Bapt\u00eames&nbsp;&raquo;<\/span><\/a><\/p>\n","protected":false},"author":1,"featured_media":0,"parent":0,"menu_order":7,"comment_status":"closed","ping_status":"closed","template":"","meta":{"ngg_post_thumbnail":0,"footnotes":""},"class_list":["post-1631","page","type-page","status-publish","hentry"],"yoast_head":"<!-- This site is optimized with the Yoast SEO plugin v26.6 - https:\/\/yoast.com\/wordpress\/plugins\/seo\/ -->\n<title>Bapt\u00eames - Paroisse Sacr\u00e9-Coeur St Jean Bosco de Dijon<\/title>\n<meta name=\"robots\" content=\"index, follow, max-snippet:-1, max-image-preview:large, max-video-preview:-1\" \/>\n<link rel=\"canonical\" href=\"https:\/\/www.paroissesacrecoeurdijon.fr\/wp\/baptemes\/\" \/>\n<meta property=\"og:locale\" content=\"fr_FR\" \/>\n<meta property=\"og:type\" content=\"article\" \/>\n<meta property=\"og:title\" content=\"Bapt\u00eames - Paroisse Sacr\u00e9-Coeur St Jean Bosco de Dijon\" \/>\n<meta property=\"og:description\" content=\"Vous pensez au bapt\u00eame pour votre enfant ou pour vous-m\u00eames. Trois possibilit\u00e9s selon l&rsquo;\u00e2ge de la personne \u00e0 baptiser: 1- Un enfant qui ne va pas encore en primaire. Les parents se rendent d&rsquo;abord, et avant toutes les autres d\u00e9marches, \u00e0 une permanence des bapt\u00eames les mercredis (hors vacances) de 17h30 \u00e0 19h00 au presbyt\u00e8re, &hellip; Continuer la lecture de &laquo;&nbsp;Bapt\u00eames&nbsp;&raquo;\" \/>\n<meta property=\"og:url\" content=\"https:\/\/www.paroissesacrecoeurdijon.fr\/wp\/baptemes\/\" \/>\n<meta property=\"og:site_name\" content=\"Paroisse Sacr\u00e9-Coeur St Jean Bosco de Dijon\" \/>\n<meta property=\"article:modified_time\" content=\"2025-06-02T19:00:59+00:00\" \/>\n<meta name=\"twitter:card\" content=\"summary_large_image\" \/>\n<meta name=\"twitter:label1\" content=\"Dur\u00e9e de lecture estim\u00e9e\" \/>\n\t<meta name=\"twitter:data1\" content=\"1 minute\" \/>\n<script type=\"application\/ld+json\" class=\"yoast-schema-graph\">{\"@context\":\"https:\/\/schema.org\",\"@graph\":[{\"@type\":\"WebPage\",\"@id\":\"https:\/\/www.paroissesacrecoeurdijon.fr\/wp\/baptemes\/\",\"url\":\"https:\/\/www.paroissesacrecoeurdijon.fr\/wp\/baptemes\/\",\"name\":\"Bapt\u00eames - Paroisse Sacr\u00e9-Coeur St Jean Bosco de Dijon\",\"isPartOf\":{\"@id\":\"https:\/\/www.paroissesacrecoeurdijon.fr\/wp\/#website\"},\"datePublished\":\"2021-09-15T09:46:27+00:00\",\"dateModified\":\"2025-06-02T19:00:59+00:00\",\"breadcrumb\":{\"@id\":\"https:\/\/www.paroissesacrecoeurdijon.fr\/wp\/baptemes\/#breadcrumb\"},\"inLanguage\":\"fr-FR\",\"potentialAction\":[{\"@type\":\"ReadAction\",\"target\":[\"https:\/\/www.paroissesacrecoeurdijon.fr\/wp\/baptemes\/\"]}]},{\"@type\":\"BreadcrumbList\",\"@id\":\"https:\/\/www.paroissesacrecoeurdijon.fr\/wp\/baptemes\/#breadcrumb\",\"itemListElement\":[{\"@type\":\"ListItem\",\"position\":1,\"name\":\"Accueil\",\"item\":\"https:\/\/www.paroissesacrecoeurdijon.fr\/wp\/\"},{\"@type\":\"ListItem\",\"position\":2,\"name\":\"Bapt\u00eames\"}]},{\"@type\":\"WebSite\",\"@id\":\"https:\/\/www.paroissesacrecoeurdijon.fr\/wp\/#website\",\"url\":\"https:\/\/www.paroissesacrecoeurdijon.fr\/wp\/\",\"name\":\"Paroisse Sacr\u00e9-Coeur de Dijon\",\"description\":\"\",\"publisher\":{\"@id\":\"https:\/\/www.paroissesacrecoeurdijon.fr\/wp\/#organization\"},\"potentialAction\":[{\"@type\":\"SearchAction\",\"target\":{\"@type\":\"EntryPoint\",\"urlTemplate\":\"https:\/\/www.paroissesacrecoeurdijon.fr\/wp\/?s={search_term_string}\"},\"query-input\":{\"@type\":\"PropertyValueSpecification\",\"valueRequired\":true,\"valueName\":\"search_term_string\"}}],\"inLanguage\":\"fr-FR\"},{\"@type\":\"Organization\",\"@id\":\"https:\/\/www.paroissesacrecoeurdijon.fr\/wp\/#organization\",\"name\":\"Paroisse Sacr\u00e9-Coeur Saint Jean Bosco\",\"url\":\"https:\/\/www.paroissesacrecoeurdijon.fr\/wp\/\",\"logo\":{\"@type\":\"ImageObject\",\"inLanguage\":\"fr-FR\",\"@id\":\"https:\/\/www.paroissesacrecoeurdijon.fr\/wp\/#\/schema\/logo\/image\/\",\"url\":\"https:\/\/www.paroissesacrecoeurdijon.fr\/wp\/wp-content\/uploads\/2019\/12\/logo-1.jpg\",\"contentUrl\":\"https:\/\/www.paroissesacrecoeurdijon.fr\/wp\/wp-content\/uploads\/2019\/12\/logo-1.jpg\",\"width\":288,\"height\":352,\"caption\":\"Paroisse Sacr\u00e9-Coeur Saint Jean Bosco\"},\"image\":{\"@id\":\"https:\/\/www.paroissesacrecoeurdijon.fr\/wp\/#\/schema\/logo\/image\/\"}}]}<\/script>\n<!-- \/ Yoast SEO plugin. -->","yoast_head_json":{"title":"Bapt\u00eames - Paroisse Sacr\u00e9-Coeur St Jean Bosco de Dijon","robots":{"index":"index","follow":"follow","max-snippet":"max-snippet:-1","max-image-preview":"max-image-preview:large","max-video-preview":"max-video-preview:-1"},"canonical":"https:\/\/www.paroissesacrecoeurdijon.fr\/wp\/baptemes\/","og_locale":"fr_FR","og_type":"article","og_title":"Bapt\u00eames - Paroisse Sacr\u00e9-Coeur St Jean Bosco de Dijon","og_description":"Vous pensez au bapt\u00eame pour votre enfant ou pour vous-m\u00eames. Trois possibilit\u00e9s selon l&rsquo;\u00e2ge de la personne \u00e0 baptiser: 1- Un enfant qui ne va pas encore en primaire. Les parents se rendent d&rsquo;abord, et avant toutes les autres d\u00e9marches, \u00e0 une permanence des bapt\u00eames les mercredis (hors vacances) de 17h30 \u00e0 19h00 au presbyt\u00e8re, &hellip; Continuer la lecture de &laquo;&nbsp;Bapt\u00eames&nbsp;&raquo;","og_url":"https:\/\/www.paroissesacrecoeurdijon.fr\/wp\/baptemes\/","og_site_name":"Paroisse Sacr\u00e9-Coeur St Jean Bosco de Dijon","article_modified_time":"2025-06-02T19:00:59+00:00","twitter_card":"summary_large_image","twitter_misc":{"Dur\u00e9e de lecture estim\u00e9e":"1 minute"},"schema":{"@context":"https:\/\/schema.org","@graph":[{"@type":"WebPage","@id":"https:\/\/www.paroissesacrecoeurdijon.fr\/wp\/baptemes\/","url":"https:\/\/www.paroissesacrecoeurdijon.fr\/wp\/baptemes\/","name":"Bapt\u00eames - Paroisse Sacr\u00e9-Coeur St Jean Bosco de Dijon","isPartOf":{"@id":"https:\/\/www.paroissesacrecoeurdijon.fr\/wp\/#website"},"datePublished":"2021-09-15T09:46:27+00:00","dateModified":"2025-06-02T19:00:59+00:00","breadcrumb":{"@id":"https:\/\/www.paroissesacrecoeurdijon.fr\/wp\/baptemes\/#breadcrumb"},"inLanguage":"fr-FR","potentialAction":[{"@type":"ReadAction","target":["https:\/\/www.paroissesacrecoeurdijon.fr\/wp\/baptemes\/"]}]},{"@type":"BreadcrumbList","@id":"https:\/\/www.paroissesacrecoeurdijon.fr\/wp\/baptemes\/#breadcrumb","itemListElement":[{"@type":"ListItem","position":1,"name":"Accueil","item":"https:\/\/www.paroissesacrecoeurdijon.fr\/wp\/"},{"@type":"ListItem","position":2,"name":"Bapt\u00eames"}]},{"@type":"WebSite","@id":"https:\/\/www.paroissesacrecoeurdijon.fr\/wp\/#website","url":"https:\/\/www.paroissesacrecoeurdijon.fr\/wp\/","name":"Paroisse Sacr\u00e9-Coeur de Dijon","description":"","publisher":{"@id":"https:\/\/www.paroissesacrecoeurdijon.fr\/wp\/#organization"},"potentialAction":[{"@type":"SearchAction","target":{"@type":"EntryPoint","urlTemplate":"https:\/\/www.paroissesacrecoeurdijon.fr\/wp\/?s={search_term_string}"},"query-input":{"@type":"PropertyValueSpecification","valueRequired":true,"valueName":"search_term_string"}}],"inLanguage":"fr-FR"},{"@type":"Organization","@id":"https:\/\/www.paroissesacrecoeurdijon.fr\/wp\/#organization","name":"Paroisse Sacr\u00e9-Coeur Saint Jean Bosco","url":"https:\/\/www.paroissesacrecoeurdijon.fr\/wp\/","logo":{"@type":"ImageObject","inLanguage":"fr-FR","@id":"https:\/\/www.paroissesacrecoeurdijon.fr\/wp\/#\/schema\/logo\/image\/","url":"https:\/\/www.paroissesacrecoeurdijon.fr\/wp\/wp-content\/uploads\/2019\/12\/logo-1.jpg","contentUrl":"https:\/\/www.paroissesacrecoeurdijon.fr\/wp\/wp-content\/uploads\/2019\/12\/logo-1.jpg","width":288,"height":352,"caption":"Paroisse Sacr\u00e9-Coeur Saint Jean Bosco"},"image":{"@id":"https:\/\/www.paroissesacrecoeurdijon.fr\/wp\/#\/schema\/logo\/image\/"}}]}},"_links":{"self":[{"href":"https:\/\/www.paroissesacrecoeurdijon.fr\/wp\/wp-json\/wp\/v2\/pages\/1631","targetHints":{"allow":["GET"]}}],"collection":[{"href":"https:\/\/www.paroissesacrecoeurdijon.fr\/wp\/wp-json\/wp\/v2\/pages"}],"about":[{"href":"https:\/\/www.paroissesacrecoeurdijon.fr\/wp\/wp-json\/wp\/v2\/types\/page"}],"author":[{"embeddable":true,"href":"https:\/\/www.paroissesacrecoeurdijon.fr\/wp\/wp-json\/wp\/v2\/users\/1"}],"replies":[{"embeddable":true,"href":"https:\/\/www.paroissesacrecoeurdijon.fr\/wp\/wp-json\/wp\/v2\/comments?post=1631"}],"version-history":[{"count":16,"href":"https:\/\/www.paroissesacrecoeurdijon.fr\/wp\/wp-json\/wp\/v2\/pages\/1631\/revisions"}],"predecessor-version":[{"id":2897,"href":"https:\/\/www.paroissesacrecoeurdijon.fr\/wp\/wp-json\/wp\/v2\/pages\/1631\/revisions\/2897"}],"wp:attachment":[{"href":"https:\/\/www.paroissesacrecoeurdijon.fr\/wp\/wp-json\/wp\/v2\/media?parent=1631"}],"curies":[{"name":"wp","href":"https:\/\/api.w.org\/{rel}","templated":true}]}}