{"id":39,"date":"2019-12-13T06:14:29","date_gmt":"2019-12-13T06:14:29","guid":{"rendered":"https:\/\/www.paroissesacrecoeurdijon.fr\/wp\/?page_id=39"},"modified":"2025-08-12T16:40:28","modified_gmt":"2025-08-12T16:40:28","slug":"catechisme","status":"publish","type":"page","link":"https:\/\/www.paroissesacrecoeurdijon.fr\/wp\/catechisme\/","title":{"rendered":"\u00c9veil \u00e0 la foi, cat\u00e9chisme et aumonerie"},"content":{"rendered":"\t\t<div data-elementor-type=\"wp-page\" data-elementor-id=\"39\" class=\"elementor elementor-39\">\n\t\t\t\t\t\t<section class=\"elementor-section elementor-top-section elementor-element elementor-element-2ad28a6 elementor-section-boxed elementor-section-height-default elementor-section-height-default\" data-id=\"2ad28a6\" data-element_type=\"section\">\n\t\t\t\t\t\t<div class=\"elementor-container elementor-column-gap-default\">\n\t\t\t\t\t<div class=\"elementor-column elementor-col-100 elementor-top-column elementor-element elementor-element-d6b0891\" data-id=\"d6b0891\" data-element_type=\"column\">\n\t\t\t<div class=\"elementor-widget-wrap elementor-element-populated\">\n\t\t\t\t\t\t<div class=\"elementor-element elementor-element-bfcb6a2 elementor-widget elementor-widget-text-editor\" data-id=\"bfcb6a2\" data-element_type=\"widget\" data-widget_type=\"text-editor.default\">\n\t\t\t\t<div class=\"elementor-widget-container\">\n\t\t\t\t\t\t\t\t\t<div><div>Les rencontres \u00e9veil \u00e0 la foi, cat\u00e9chisme, aum\u00f4nerie se font pour tous les niveaux, les m\u00eames jours \u00e0 la m\u00eame heure :<\/div><div>Les dimanches de 9h \u00e0 10h15 dans les locaux du SACR\u00c9 C\u0152UR de septembre \u00e0 avril , puis \u00e0 St Jean Bosco d&rsquo;avril \u00e0 juin.<\/div><div><p>Ces temps de rencontres sont suivis de la messe.<\/p><p style=\"text-align: center;\">14 ET 28 SEPTEMBRE<br \/>12 OCTOBRE<br \/>9 NOVEMBRE<br \/>7 ET 21 D\u00c9CEMBRE<br \/>11 ET 25 JANVIER<br \/>1er, 15 ET 29 MARS<br \/>10 ET 24 MAI<br \/>7 ET 21 JUIN<\/p><p><u>Les dates de mai et juin sont susceptibles d&rsquo;\u00eatre chang\u00e9es<\/u> en fonction de la date de confirmation, et des dates profession de foi et 1\u00e8re communion (merci pour votre compr\u00e9hension)<\/p><\/div><\/div><div>\u00a0<\/div>\t\t\t\t\t\t\t\t<\/div>\n\t\t\t\t<\/div>\n\t\t\t\t\t<\/div>\n\t\t<\/div>\n\t\t\t\t\t<\/div>\n\t\t<\/section>\n\t\t\t\t<section class=\"elementor-section elementor-top-section elementor-element elementor-element-f5b4c8c elementor-section-boxed elementor-section-height-default elementor-section-height-default\" data-id=\"f5b4c8c\" data-element_type=\"section\">\n\t\t\t\t\t\t<div class=\"elementor-container elementor-column-gap-default\">\n\t\t\t\t\t<div class=\"elementor-column elementor-col-100 elementor-top-column elementor-element elementor-element-4688c76\" data-id=\"4688c76\" data-element_type=\"column\">\n\t\t\t<div class=\"elementor-widget-wrap elementor-element-populated\">\n\t\t\t\t\t\t<div class=\"elementor-element elementor-element-410d8b7 elementor-widget elementor-widget-text-editor\" data-id=\"410d8b7\" data-element_type=\"widget\" data-widget_type=\"text-editor.default\">\n\t\t\t\t<div class=\"elementor-widget-container\">\n\t\t\t\t\t\t\t\t\t<p>T\u00e9l\u00e9chargez :<\/p><ul><li style=\"list-style-type: none;\"><ul><li><a href=\"https:\/\/www.paroissesacrecoeurdijon.fr\/wp\/wp-content\/uploads\/2025\/08\/calendrier.pdf\">les dates des rencontres sous forme de calendrier<\/a><\/li><li><a href=\"https:\/\/www.paroissesacrecoeurdijon.fr\/wp\/wp-content\/uploads\/2025\/08\/fiche-tarif-2025-2026.doc\">les tarifs<\/a><\/li><li><a href=\"https:\/\/www.paroissesacrecoeurdijon.fr\/wp\/wp-content\/uploads\/2025\/08\/inscription-cate-2025-2026.odt\">la fiche de renseignement et d&rsquo;inscription<\/a><\/li><\/ul><\/li><\/ul>\t\t\t\t\t\t\t\t<\/div>\n\t\t\t\t<\/div>\n\t\t\t\t\t<\/div>\n\t\t<\/div>\n\t\t\t\t\t<\/div>\n\t\t<\/section>\n\t\t\t\t<\/div>\n\t\t","protected":false},"excerpt":{"rendered":"<p>Les rencontres \u00e9veil \u00e0 la foi, cat\u00e9chisme, aum\u00f4nerie se font pour tous les niveaux, les m\u00eames jours \u00e0 la m\u00eame heure :Les dimanches de 9h \u00e0 10h15 dans les locaux du SACR\u00c9 C\u0152UR de septembre \u00e0 avril , puis \u00e0 St Jean Bosco d&rsquo;avril \u00e0 juin. Ces temps de rencontres sont suivis de la messe. &hellip; <a href=\"https:\/\/www.paroissesacrecoeurdijon.fr\/wp\/catechisme\/\" class=\"more-link\">Continuer la lecture<span class=\"screen-reader-text\"> de &laquo;&nbsp;\u00c9veil \u00e0 la foi, cat\u00e9chisme et aumonerie&nbsp;&raquo;<\/span><\/a><\/p>\n","protected":false},"author":1,"featured_media":0,"parent":0,"menu_order":6,"comment_status":"closed","ping_status":"closed","template":"","meta":{"ngg_post_thumbnail":0,"footnotes":""},"class_list":["post-39","page","type-page","status-publish","hentry"],"yoast_head":"<!-- This site is optimized with the Yoast SEO plugin v26.6 - https:\/\/yoast.com\/wordpress\/plugins\/seo\/ -->\n<title>\u00c9veil \u00e0 la foi, cat\u00e9chisme et aumonerie - Paroisse Sacr\u00e9-Coeur St Jean Bosco de Dijon<\/title>\n<meta name=\"robots\" content=\"index, follow, max-snippet:-1, max-image-preview:large, max-video-preview:-1\" \/>\n<link rel=\"canonical\" href=\"https:\/\/www.paroissesacrecoeurdijon.fr\/wp\/catechisme\/\" \/>\n<meta property=\"og:locale\" content=\"fr_FR\" \/>\n<meta property=\"og:type\" content=\"article\" \/>\n<meta property=\"og:title\" content=\"\u00c9veil \u00e0 la foi, cat\u00e9chisme et aumonerie - Paroisse Sacr\u00e9-Coeur St Jean Bosco de Dijon\" \/>\n<meta property=\"og:description\" content=\"Les rencontres \u00e9veil \u00e0 la foi, cat\u00e9chisme, aum\u00f4nerie se font pour tous les niveaux, les m\u00eames jours \u00e0 la m\u00eame heure :Les dimanches de 9h \u00e0 10h15 dans les locaux du SACR\u00c9 C\u0152UR de septembre \u00e0 avril , puis \u00e0 St Jean Bosco d&rsquo;avril \u00e0 juin. Ces temps de rencontres sont suivis de la messe. &hellip; Continuer la lecture de &laquo;&nbsp;\u00c9veil \u00e0 la foi, cat\u00e9chisme et aumonerie&nbsp;&raquo;\" \/>\n<meta property=\"og:url\" content=\"https:\/\/www.paroissesacrecoeurdijon.fr\/wp\/catechisme\/\" \/>\n<meta property=\"og:site_name\" content=\"Paroisse Sacr\u00e9-Coeur St Jean Bosco de Dijon\" \/>\n<meta property=\"article:modified_time\" content=\"2025-08-12T16:40:28+00:00\" \/>\n<meta name=\"twitter:card\" content=\"summary_large_image\" \/>\n<meta name=\"twitter:label1\" content=\"Dur\u00e9e de lecture estim\u00e9e\" \/>\n\t<meta name=\"twitter:data1\" content=\"1 minute\" \/>\n<script type=\"application\/ld+json\" class=\"yoast-schema-graph\">{\"@context\":\"https:\/\/schema.org\",\"@graph\":[{\"@type\":\"WebPage\",\"@id\":\"https:\/\/www.paroissesacrecoeurdijon.fr\/wp\/catechisme\/\",\"url\":\"https:\/\/www.paroissesacrecoeurdijon.fr\/wp\/catechisme\/\",\"name\":\"\u00c9veil \u00e0 la foi, cat\u00e9chisme et aumonerie - Paroisse Sacr\u00e9-Coeur St Jean Bosco de Dijon\",\"isPartOf\":{\"@id\":\"https:\/\/www.paroissesacrecoeurdijon.fr\/wp\/#website\"},\"datePublished\":\"2019-12-13T06:14:29+00:00\",\"dateModified\":\"2025-08-12T16:40:28+00:00\",\"breadcrumb\":{\"@id\":\"https:\/\/www.paroissesacrecoeurdijon.fr\/wp\/catechisme\/#breadcrumb\"},\"inLanguage\":\"fr-FR\",\"potentialAction\":[{\"@type\":\"ReadAction\",\"target\":[\"https:\/\/www.paroissesacrecoeurdijon.fr\/wp\/catechisme\/\"]}]},{\"@type\":\"BreadcrumbList\",\"@id\":\"https:\/\/www.paroissesacrecoeurdijon.fr\/wp\/catechisme\/#breadcrumb\",\"itemListElement\":[{\"@type\":\"ListItem\",\"position\":1,\"name\":\"Accueil\",\"item\":\"https:\/\/www.paroissesacrecoeurdijon.fr\/wp\/\"},{\"@type\":\"ListItem\",\"position\":2,\"name\":\"\u00c9veil \u00e0 la foi, cat\u00e9chisme et aumonerie\"}]},{\"@type\":\"WebSite\",\"@id\":\"https:\/\/www.paroissesacrecoeurdijon.fr\/wp\/#website\",\"url\":\"https:\/\/www.paroissesacrecoeurdijon.fr\/wp\/\",\"name\":\"Paroisse Sacr\u00e9-Coeur de Dijon\",\"description\":\"\",\"publisher\":{\"@id\":\"https:\/\/www.paroissesacrecoeurdijon.fr\/wp\/#organization\"},\"potentialAction\":[{\"@type\":\"SearchAction\",\"target\":{\"@type\":\"EntryPoint\",\"urlTemplate\":\"https:\/\/www.paroissesacrecoeurdijon.fr\/wp\/?s={search_term_string}\"},\"query-input\":{\"@type\":\"PropertyValueSpecification\",\"valueRequired\":true,\"valueName\":\"search_term_string\"}}],\"inLanguage\":\"fr-FR\"},{\"@type\":\"Organization\",\"@id\":\"https:\/\/www.paroissesacrecoeurdijon.fr\/wp\/#organization\",\"name\":\"Paroisse Sacr\u00e9-Coeur Saint Jean Bosco\",\"url\":\"https:\/\/www.paroissesacrecoeurdijon.fr\/wp\/\",\"logo\":{\"@type\":\"ImageObject\",\"inLanguage\":\"fr-FR\",\"@id\":\"https:\/\/www.paroissesacrecoeurdijon.fr\/wp\/#\/schema\/logo\/image\/\",\"url\":\"https:\/\/www.paroissesacrecoeurdijon.fr\/wp\/wp-content\/uploads\/2019\/12\/logo-1.jpg\",\"contentUrl\":\"https:\/\/www.paroissesacrecoeurdijon.fr\/wp\/wp-content\/uploads\/2019\/12\/logo-1.jpg\",\"width\":288,\"height\":352,\"caption\":\"Paroisse Sacr\u00e9-Coeur Saint Jean Bosco\"},\"image\":{\"@id\":\"https:\/\/www.paroissesacrecoeurdijon.fr\/wp\/#\/schema\/logo\/image\/\"}}]}<\/script>\n<!-- \/ Yoast SEO plugin. -->","yoast_head_json":{"title":"\u00c9veil \u00e0 la foi, cat\u00e9chisme et aumonerie - Paroisse Sacr\u00e9-Coeur St Jean Bosco de Dijon","robots":{"index":"index","follow":"follow","max-snippet":"max-snippet:-1","max-image-preview":"max-image-preview:large","max-video-preview":"max-video-preview:-1"},"canonical":"https:\/\/www.paroissesacrecoeurdijon.fr\/wp\/catechisme\/","og_locale":"fr_FR","og_type":"article","og_title":"\u00c9veil \u00e0 la foi, cat\u00e9chisme et aumonerie - Paroisse Sacr\u00e9-Coeur St Jean Bosco de Dijon","og_description":"Les rencontres \u00e9veil \u00e0 la foi, cat\u00e9chisme, aum\u00f4nerie se font pour tous les niveaux, les m\u00eames jours \u00e0 la m\u00eame heure :Les dimanches de 9h \u00e0 10h15 dans les locaux du SACR\u00c9 C\u0152UR de septembre \u00e0 avril , puis \u00e0 St Jean Bosco d&rsquo;avril \u00e0 juin. Ces temps de rencontres sont suivis de la messe. &hellip; Continuer la lecture de &laquo;&nbsp;\u00c9veil \u00e0 la foi, cat\u00e9chisme et aumonerie&nbsp;&raquo;","og_url":"https:\/\/www.paroissesacrecoeurdijon.fr\/wp\/catechisme\/","og_site_name":"Paroisse Sacr\u00e9-Coeur St Jean Bosco de Dijon","article_modified_time":"2025-08-12T16:40:28+00:00","twitter_card":"summary_large_image","twitter_misc":{"Dur\u00e9e de lecture estim\u00e9e":"1 minute"},"schema":{"@context":"https:\/\/schema.org","@graph":[{"@type":"WebPage","@id":"https:\/\/www.paroissesacrecoeurdijon.fr\/wp\/catechisme\/","url":"https:\/\/www.paroissesacrecoeurdijon.fr\/wp\/catechisme\/","name":"\u00c9veil \u00e0 la foi, cat\u00e9chisme et aumonerie - Paroisse Sacr\u00e9-Coeur St Jean Bosco de Dijon","isPartOf":{"@id":"https:\/\/www.paroissesacrecoeurdijon.fr\/wp\/#website"},"datePublished":"2019-12-13T06:14:29+00:00","dateModified":"2025-08-12T16:40:28+00:00","breadcrumb":{"@id":"https:\/\/www.paroissesacrecoeurdijon.fr\/wp\/catechisme\/#breadcrumb"},"inLanguage":"fr-FR","potentialAction":[{"@type":"ReadAction","target":["https:\/\/www.paroissesacrecoeurdijon.fr\/wp\/catechisme\/"]}]},{"@type":"BreadcrumbList","@id":"https:\/\/www.paroissesacrecoeurdijon.fr\/wp\/catechisme\/#breadcrumb","itemListElement":[{"@type":"ListItem","position":1,"name":"Accueil","item":"https:\/\/www.paroissesacrecoeurdijon.fr\/wp\/"},{"@type":"ListItem","position":2,"name":"\u00c9veil \u00e0 la foi, cat\u00e9chisme et aumonerie"}]},{"@type":"WebSite","@id":"https:\/\/www.paroissesacrecoeurdijon.fr\/wp\/#website","url":"https:\/\/www.paroissesacrecoeurdijon.fr\/wp\/","name":"Paroisse Sacr\u00e9-Coeur de Dijon","description":"","publisher":{"@id":"https:\/\/www.paroissesacrecoeurdijon.fr\/wp\/#organization"},"potentialAction":[{"@type":"SearchAction","target":{"@type":"EntryPoint","urlTemplate":"https:\/\/www.paroissesacrecoeurdijon.fr\/wp\/?s={search_term_string}"},"query-input":{"@type":"PropertyValueSpecification","valueRequired":true,"valueName":"search_term_string"}}],"inLanguage":"fr-FR"},{"@type":"Organization","@id":"https:\/\/www.paroissesacrecoeurdijon.fr\/wp\/#organization","name":"Paroisse Sacr\u00e9-Coeur Saint Jean Bosco","url":"https:\/\/www.paroissesacrecoeurdijon.fr\/wp\/","logo":{"@type":"ImageObject","inLanguage":"fr-FR","@id":"https:\/\/www.paroissesacrecoeurdijon.fr\/wp\/#\/schema\/logo\/image\/","url":"https:\/\/www.paroissesacrecoeurdijon.fr\/wp\/wp-content\/uploads\/2019\/12\/logo-1.jpg","contentUrl":"https:\/\/www.paroissesacrecoeurdijon.fr\/wp\/wp-content\/uploads\/2019\/12\/logo-1.jpg","width":288,"height":352,"caption":"Paroisse Sacr\u00e9-Coeur Saint Jean Bosco"},"image":{"@id":"https:\/\/www.paroissesacrecoeurdijon.fr\/wp\/#\/schema\/logo\/image\/"}}]}},"_links":{"self":[{"href":"https:\/\/www.paroissesacrecoeurdijon.fr\/wp\/wp-json\/wp\/v2\/pages\/39","targetHints":{"allow":["GET"]}}],"collection":[{"href":"https:\/\/www.paroissesacrecoeurdijon.fr\/wp\/wp-json\/wp\/v2\/pages"}],"about":[{"href":"https:\/\/www.paroissesacrecoeurdijon.fr\/wp\/wp-json\/wp\/v2\/types\/page"}],"author":[{"embeddable":true,"href":"https:\/\/www.paroissesacrecoeurdijon.fr\/wp\/wp-json\/wp\/v2\/users\/1"}],"replies":[{"embeddable":true,"href":"https:\/\/www.paroissesacrecoeurdijon.fr\/wp\/wp-json\/wp\/v2\/comments?post=39"}],"version-history":[{"count":146,"href":"https:\/\/www.paroissesacrecoeurdijon.fr\/wp\/wp-json\/wp\/v2\/pages\/39\/revisions"}],"predecessor-version":[{"id":3118,"href":"https:\/\/www.paroissesacrecoeurdijon.fr\/wp\/wp-json\/wp\/v2\/pages\/39\/revisions\/3118"}],"wp:attachment":[{"href":"https:\/\/www.paroissesacrecoeurdijon.fr\/wp\/wp-json\/wp\/v2\/media?parent=39"}],"curies":[{"name":"wp","href":"https:\/\/api.w.org\/{rel}","templated":true}]}}